{"id":70,"date":"2021-02-11T20:14:37","date_gmt":"2021-02-11T17:14:37","guid":{"rendered":"http:\/\/pazarsoylesileri.aslihankaratas.com\/?page_id=70"},"modified":"2021-02-12T16:46:11","modified_gmt":"2021-02-12T13:46:11","slug":"soylesiler","status":"publish","type":"page","link":"https:\/\/gencakademiknet.aslihankaratas.com\/index.php\/soylesiler\/","title":{"rendered":"S\u00f6yle\u015filer"},"content":{"rendered":"\n<p>Her s\u00f6yle\u015fi sonunda ilgili video linki ve s\u00f6yle\u015fide ad\u0131 ge\u00e7en metinler sitemize eklenecektir.<\/p>\n","protected":false},"excerpt":{"rendered":"<p>Her s\u00f6yle\u015fi sonunda ilgili video linki ve s\u00f6yle\u015fide ad\u0131 ge\u00e7en metinler sitemize eklenecektir.<\/p>\n","protected":false},"author":1,"featured_media":0,"parent":0,"menu_order":0,"comment_status":"closed","ping_status":"closed","template":"","meta":{"spay_email":"","footnotes":""},"class_list":["post-70","page","type-page","status-publish","hentry"],"jetpack-related-posts":[],"_links":{"self":[{"href":"https:\/\/gencakademiknet.aslihankaratas.com\/index.php\/wp-json\/wp\/v2\/pages\/70","targetHints":{"allow":["GET"]}}],"collection":[{"href":"https:\/\/gencakademiknet.aslihankaratas.com\/index.php\/wp-json\/wp\/v2\/pages"}],"about":[{"href":"https:\/\/gencakademiknet.aslihankaratas.com\/index.php\/wp-json\/wp\/v2\/types\/page"}],"author":[{"embeddable":true,"href":"https:\/\/gencakademiknet.aslihankaratas.com\/index.php\/wp-json\/wp\/v2\/users\/1"}],"replies":[{"embeddable":true,"href":"https:\/\/gencakademiknet.aslihankaratas.com\/index.php\/wp-json\/wp\/v2\/comments?post=70"}],"version-history":[{"count":2,"href":"https:\/\/gencakademiknet.aslihankaratas.com\/index.php\/wp-json\/wp\/v2\/pages\/70\/revisions"}],"predecessor-version":[{"id":170,"href":"https:\/\/gencakademiknet.aslihankaratas.com\/index.php\/wp-json\/wp\/v2\/pages\/70\/revisions\/170"}],"wp:attachment":[{"href":"https:\/\/gencakademiknet.aslihankaratas.com\/index.php\/wp-json\/wp\/v2\/media?parent=70"}],"curies":[{"name":"wp","href":"https:\/\/api.w.org\/{rel}","templated":true}]}}